{"id":637,"date":"2021-08-07T10:49:24","date_gmt":"2021-08-07T10:49:24","guid":{"rendered":"https:\/\/preview.treethemes.com\/quercus\/demo1\/?page_id=637"},"modified":"2022-10-28T12:58:04","modified_gmt":"2022-10-28T12:58:04","slug":"contacts","status":"publish","type":"page","link":"https:\/\/pano-graph.com\/en_en\/contacts\/","title":{"rendered":"Contacts"},"content":{"rendered":"<div class=\"vc_row wpb_row vc_row-fluid vc_custom_1498304468490\"><div class=\"wpb_column vc_column_container vc_col-sm-12\"><div class=\"vc_column-inner\"><div class=\"wpb_wrapper\"><h6 style=\"color: #c1c1c1;text-align: center\" class=\"vc_custom_heading\" >CONTACT US<\/h6><h2 style=\"font-size: 40px;text-align: center\" class=\"vc_custom_heading\" >ASK FOR A QUOTE<\/h2><div class=\"vc_empty_space\"   style=\"height: 20px\"><span class=\"vc_empty_space_inner\"><\/span><\/div><div id=\"ultimate-heading-905269f6031d24c6b\" class=\"uvc-heading ult-adjust-bottom-margin ultimate-heading-905269f6031d24c6b uvc-3320\" data-hspacer=\"line_only\"  data-halign=\"center\" style=\"text-align:center\"><div class=\"uvc-heading-spacer line_only\" style=\"margin-bottom:40px;height:2px;\"><span class=\"uvc-headings-line\" style=\"border-style:solid;border-bottom-width:2px;border-color:#212121;width:80px;\"><\/span><\/div><\/div><\/div><\/div><\/div><\/div><div class=\"vc_row wpb_row vc_row-fluid vc_custom_1499530810102\"><div class=\"wpb_column vc_column_container vc_col-sm-6\"><div class=\"vc_column-inner\"><div class=\"wpb_wrapper\"><h4 style=\"text-align: left\" class=\"vc_custom_heading no-letter-spacing\" >Contact<\/h4><div class=\"vc_empty_space\"   style=\"height: 40px\"><span class=\"vc_empty_space_inner\"><\/span><\/div><p style=\"text-align: left\" class=\"vc_custom_heading no-letter-spacing\" >Do not hesitate to contact us by telephone or via the form below for any questions or request for a quote. We will respond as soon as possible.<\/p><div class=\"vc_empty_space\"   style=\"height: 40px\"><span class=\"vc_empty_space_inner\"><\/span><\/div>\n<div class=\"wpcf7 no-js\" id=\"wpcf7-f121-o1\" lang=\"en-US\" dir=\"ltr\" data-wpcf7-id=\"121\">\n<div class=\"screen-reader-response\"><p role=\"status\" aria-live=\"polite\" aria-atomic=\"true\"><\/p> <ul><\/ul><\/div>\n<form action=\"\/en_en\/wp-json\/wp\/v2\/pages\/637#wpcf7-f121-o1\" method=\"post\" class=\"wpcf7-form init\" aria-label=\"Contact form\" novalidate=\"novalidate\" data-status=\"init\" data-trp-original-action=\"\/en_en\/wp-json\/wp\/v2\/pages\/637#wpcf7-f121-o1\">\n<fieldset class=\"hidden-fields-container\"><input type=\"hidden\" name=\"_wpcf7\" value=\"121\" \/><input type=\"hidden\" name=\"_wpcf7_version\" value=\"6.1.2\" \/><input type=\"hidden\" name=\"_wpcf7_locale\" value=\"en_US\" \/><input type=\"hidden\" name=\"_wpcf7_unit_tag\" value=\"wpcf7-f121-o1\" \/><input type=\"hidden\" name=\"_wpcf7_container_post\" value=\"0\" \/><input type=\"hidden\" name=\"_wpcf7_posted_data_hash\" value=\"\" \/><input type=\"hidden\" name=\"_wpcf7_recaptcha_response\" value=\"\" \/>\n<\/fieldset>\n<div class=\"\">\n\t<div class=\"f-name\">\n\t\t<p><span class=\"wpcf7-form-control-wrap\" data-name=\"your-name\"><input size=\"40\" maxlength=\"400\" class=\"wpcf7-form-control wpcf7-text wpcf7-validates-as-required\" aria-required=\"true\" aria-invalid=\"false\" placeholder=\"Name\" value=\"\" type=\"text\" name=\"your-name\" \/><\/span>\n\t\t<\/p>\n\t<\/div>\n\t<div class=\"f-email\">\n\t\t<p><span class=\"wpcf7-form-control-wrap\" data-name=\"your-email\"><input size=\"40\" maxlength=\"400\" class=\"wpcf7-form-control wpcf7-email wpcf7-validates-as-required wpcf7-text wpcf7-validates-as-email\" aria-required=\"true\" aria-invalid=\"false\" placeholder=\"E-mail *\" value=\"\" type=\"email\" name=\"your-email\" \/><\/span>\n\t\t<\/p>\n\t<\/div>\n\t<div class=\"f-subject\">\n\t\t<p><span class=\"wpcf7-form-control-wrap\" data-name=\"your-subject\"><input size=\"40\" maxlength=\"400\" class=\"wpcf7-form-control wpcf7-text\" aria-invalid=\"false\" placeholder=\"Subject\" value=\"\" type=\"text\" name=\"your-subject\" \/><\/span>\n\t\t<\/p>\n\t<\/div>\n\t<div class=\"f-message\">\n\t\t<p><span class=\"wpcf7-form-control-wrap\" data-name=\"your-message\"><textarea cols=\"40\" rows=\"10\" maxlength=\"2000\" class=\"wpcf7-form-control wpcf7-textarea wpcf7-validates-as-required\" aria-required=\"true\" aria-invalid=\"false\" placeholder=\"Message *\" name=\"your-message\"><\/textarea><\/span>\n\t\t<\/p>\n\t<\/div>\n\t<div class=\"\" style=\"text-align: center;\">\n\t\t<p><a class=\"des-button-dark des-button-dark-1 des-button-dark-1d\"  href=\"\" ><span><input class=\"wpcf7-form-control wpcf7-submit has-spinner\" type=\"submit\" value=\"SEND\" \/><\/span><\/a>\n\t\t<\/p>\n\t<\/div>\n<\/div><div class=\"wpcf7-response-output\" aria-hidden=\"true\"><\/div>\n<input type=\"hidden\" name=\"trp-form-language\" value=\"en_en\"\/><\/form>\n<\/div>\n<\/div><\/div><\/div><div class=\"wpb_column vc_column_container vc_col-sm-6\"><div class=\"vc_column-inner\"><div class=\"wpb_wrapper\"><div class=\"ult-spacer spacer-69f6031d262fe\" data-id=\"69f6031d262fe\" data-height=\"0\" data-height-mobile=\"80\" data-height-tab=\"\" data-height-tab-portrait=\"\" data-height-mobile-landscape=\"80\" style=\"clear:both;display:block;\"><\/div><h4 style=\"text-align: left\" class=\"vc_custom_heading no-letter-spacing\" >Contact details<\/h4><div class=\"vc_empty_space\"   style=\"height: 40px\"><span class=\"vc_empty_space_inner\"><\/span><\/div><p style=\"text-align: left\" class=\"vc_custom_heading no-letter-spacing\" >Tel: +212 663 080 833<br \/>\nAdresse : Dar Saada (\u00e0 cote de Marjane Rte de Casa ) Imm 102 Appt N\u00b0 01 Marrakech<br \/>\nEmail : panograph2@gmail.com<\/p><div class=\"vc_empty_space\"   style=\"height: 40px\"><span class=\"vc_empty_space_inner\"><\/span><\/div>\n\t<div  class=\"wpb_single_image wpb_content_element vc_align_left\">\n\t\t\n\t\t<figure class=\"wpb_wrapper vc_figure\">\n\t\t\t<div class=\"vc_single_image-wrapper   vc_box_border_grey\"><img loading=\"lazy\" decoding=\"async\" width=\"447\" height=\"275\" src=\"https:\/\/pano-graph.com\/wp-content\/uploads\/2022\/10\/impremeriee.jpg\" class=\"vc_single_image-img attachment-large\" alt=\"\" title=\"impremeriee\" srcset=\"https:\/\/pano-graph.com\/wp-content\/uploads\/2022\/10\/impremeriee.jpg 447w, https:\/\/pano-graph.com\/wp-content\/uploads\/2022\/10\/impremeriee-300x185.jpg 300w\" sizes=\"auto, (max-width: 447px) 100vw, 447px\" \/><\/div>\n\t\t<\/figure>\n\t<\/div>\n<\/div><\/div><\/div><\/div><!-- Row Backgrounds --><div class=\"upb_color\" data-bg-override=\"ex-full\" data-bg-color=\"#ffffff\" data-fadeout=\"\" data-fadeout-percentage=\"30\" data-parallax-content=\"\" data-parallax-content-sense=\"30\" data-row-effect-mobile-disable=\"true\" data-img-parallax-mobile-disable=\"true\" data-rtl=\"false\"  data-custom-vc-row=\"\"  data-vc=\"6.9.0\"  data-is_old_vc=\"\"  data-theme-support=\"\"   data-overlay=\"false\" data-overlay-color=\"\" data-overlay-pattern=\"\" data-overlay-pattern-opacity=\"\" data-overlay-pattern-size=\"\"    ><\/div><div class=\"vc_row wpb_row vc_row-fluid vc_custom_1499531843010\"><div class=\"wpb_column vc_column_container vc_col-sm-12\"><div class=\"vc_column-inner\"><div class=\"wpb_wrapper\"><div class=\"vc_row wpb_row vc_inner vc_row-fluid\"><div class=\"wpb_column vc_column_container vc_col-sm-4\"><div class=\"vc_column-inner vc_custom_1499531891450\"><div class=\"wpb_wrapper\"><div class=\"aio-icon-component    style_1\"><div id=\"Info-box-wrap-1242\" class=\"aio-icon-box top-icon\" style=\"\"  ><div class=\"aio-icon-top\"><div class=\"ult-just-icon-wrapper\"><div class=\"align-icon\" style=\"text-align:center;\">\n<div class=\"aio-icon none\"  style=\"color:#ffffff;font-size:25px;display:inline-block;\">\n\t<i class=\"linearicons-telephone2\"><\/i>\n<\/div><\/div><\/div><\/div><div class=\"aio-icon-header\" ><h3 class=\"aio-icon-title ult-responsive\"  data-ultimate-target='#Info-box-wrap-1242 .aio-icon-title'  data-responsive-json-new='{\"font-size\":\"desktop:12px;\",\"line-height\":\"\"}'  style=\"font-family:&#039;Raleway&#039;;font-weight:700;color:#ffffff;\">CALL US<\/h3><\/div> <!-- header --><div class=\"aio-icon-description ult-responsive\"  data-ultimate-target='#Info-box-wrap-1242 .aio-icon-description'  data-responsive-json-new='{\"font-size\":\"\",\"line-height\":\"\"}'  style=\"\">+212 663 080 833<\/div> <!-- description --><\/div> <!-- aio-icon-box --><\/div> <!-- aio-icon-component --><div class=\"ult-spacer spacer-69f6031d26e64\" data-id=\"69f6031d26e64\" data-height=\"0\" data-height-mobile=\"40\" data-height-tab=\"\" data-height-tab-portrait=\"\" data-height-mobile-landscape=\"40\" style=\"clear:both;display:block;\"><\/div><\/div><\/div><\/div><div class=\"wpb_column vc_column_container vc_col-sm-4\"><div class=\"vc_column-inner vc_custom_1499531898617\"><div class=\"wpb_wrapper\"><div class=\"aio-icon-component    style_1\"><div id=\"Info-box-wrap-1841\" class=\"aio-icon-box top-icon\" style=\"\"  ><div class=\"aio-icon-top\"><div class=\"ult-just-icon-wrapper\"><div class=\"align-icon\" style=\"text-align:center;\">\n<div class=\"aio-icon none\"  style=\"color:#ffffff;font-size:25px;display:inline-block;\">\n\t<i class=\"linearicons-map\"><\/i>\n<\/div><\/div><\/div><\/div><div class=\"aio-icon-header\" ><h3 class=\"aio-icon-title ult-responsive\"  data-ultimate-target='#Info-box-wrap-1841 .aio-icon-title'  data-responsive-json-new='{\"font-size\":\"desktop:12px;\",\"line-height\":\"\"}'  style=\"font-family:&#039;Raleway&#039;;font-weight:700;color:#ffffff;\">ADDRESS<\/h3><\/div> <!-- header --><div class=\"aio-icon-description ult-responsive\"  data-ultimate-target='#Info-box-wrap-1841 .aio-icon-description'  data-responsive-json-new='{\"font-size\":\"\",\"line-height\":\"\"}'  style=\"\">Dar Saada (\u00e0 cote de Marjane Rte de Casa ) Imm 102 Appt N\u00b0 01 Marrakech<\/div> <!-- description --><\/div> <!-- aio-icon-box --><\/div> <!-- aio-icon-component --><div class=\"ult-spacer spacer-69f6031d26f4f\" data-id=\"69f6031d26f4f\" data-height=\"0\" data-height-mobile=\"40\" data-height-tab=\"\" data-height-tab-portrait=\"\" data-height-mobile-landscape=\"40\" style=\"clear:both;display:block;\"><\/div><\/div><\/div><\/div><div class=\"wpb_column vc_column_container vc_col-sm-4\"><div class=\"vc_column-inner vc_custom_1499531904953\"><div class=\"wpb_wrapper\"><div class=\"aio-icon-component    style_1\"><div id=\"Info-box-wrap-1808\" class=\"aio-icon-box top-icon\" style=\"\"  ><div class=\"aio-icon-top\"><div class=\"ult-just-icon-wrapper\"><div class=\"align-icon\" style=\"text-align:center;\">\n<div class=\"aio-icon none\"  style=\"color:#ffffff;font-size:25px;display:inline-block;\">\n\t<i class=\"linearicons-at-sign\"><\/i>\n<\/div><\/div><\/div><\/div><div class=\"aio-icon-header\" ><h3 class=\"aio-icon-title ult-responsive\"  data-ultimate-target='#Info-box-wrap-1808 .aio-icon-title'  data-responsive-json-new='{\"font-size\":\"desktop:12px;\",\"line-height\":\"\"}'  style=\"font-family:&#039;Raleway&#039;;font-weight:700;color:#ffffff;\">E-MAIL<\/h3><\/div> <!-- header --><div class=\"aio-icon-description ult-responsive\"  data-ultimate-target='#Info-box-wrap-1808 .aio-icon-description'  data-responsive-json-new='{\"font-size\":\"\",\"line-height\":\"\"}'  style=\"\"><span class=\"gI\"><span class=\"qu\" tabindex=\"-1\" role=\"gridcell\" translate=\"no\"><span class=\"go\">panograph2@gmail.com<\/span><\/span><\/span><\/div> <!-- description --><\/div> <!-- aio-icon-box --><\/div> <!-- aio-icon-component --><\/div><\/div><\/div><\/div><div class=\"vc_empty_space\"   style=\"height: 60px\"><span class=\"vc_empty_space_inner\"><\/span><\/div><div class=\"vc_row wpb_row vc_inner vc_row-fluid\"><div class=\"wpb_column vc_column_container vc_col-sm-12\"><div class=\"vc_column-inner\"><div class=\"wpb_wrapper\">\n\t<div  class=\"wpb_single_image wpb_content_element vc_align_center\">\n\t\t\n\t\t<figure class=\"wpb_wrapper vc_figure\">\n\t\t\t<div class=\"vc_single_image-wrapper   vc_box_border_grey\"><img loading=\"lazy\" decoding=\"async\" width=\"1170\" height=\"337\" src=\"https:\/\/pano-graph.com\/wp-content\/uploads\/2022\/10\/imac.png\" class=\"vc_single_image-img attachment-full\" alt=\"\" title=\"imac\" srcset=\"https:\/\/pano-graph.com\/wp-content\/uploads\/2022\/10\/imac.png 1170w, https:\/\/pano-graph.com\/wp-content\/uploads\/2022\/10\/imac-300x86.png 300w, https:\/\/pano-graph.com\/wp-content\/uploads\/2022\/10\/imac-1024x295.png 1024w, https:\/\/pano-graph.com\/wp-content\/uploads\/2022\/10\/imac-768x221.png 768w\" sizes=\"auto, (max-width: 1170px) 100vw, 1170px\" \/><\/div>\n\t\t<\/figure>\n\t<\/div>\n<\/div><\/div><\/div><\/div><div class=\"vc_empty_space\"   style=\"height: 60px\"><span class=\"vc_empty_space_inner\"><\/span><\/div><\/div><\/div><\/div><\/div><!-- Row Backgrounds --><div class=\"upb_color\" data-bg-override=\"ex-full\" data-bg-color=\"#000000\" data-fadeout=\"\" data-fadeout-percentage=\"30\" data-parallax-content=\"\" data-parallax-content-sense=\"30\" data-row-effect-mobile-disable=\"true\" data-img-parallax-mobile-disable=\"true\" data-rtl=\"false\"  data-custom-vc-row=\"\"  data-vc=\"6.9.0\"  data-is_old_vc=\"\"  data-theme-support=\"\"   data-overlay=\"false\" data-overlay-color=\"\" data-overlay-pattern=\"\" data-overlay-pattern-opacity=\"\" data-overlay-pattern-size=\"\"    ><\/div>","protected":false},"excerpt":{"rendered":"CONTACTEZ-NOUSDEMANDER UN DEVISContactN\u2019h\u00e9sitez pas \u00e0 nous contacter par t\u00e9l\u00e9phone ou via le formulaire ci-dessous pour toute question ou demande de devis. Nous vous r\u00e9pondrons dans les meilleurs d\u00e9lais. Coordon\u00e9esT\u00e9l\u00e9phone : +212 663 080 833 Adresse : Dar Saada (\u00e0 cote de Marjane Rte de Casa ) Imm 102 Appt N\u00b0 01 Marrakech Email : panograph2@gmail.com [...]","protected":false},"author":1,"featured_media":0,"parent":0,"menu_order":0,"comment_status":"closed","ping_status":"closed","template":"one-page-template.php","meta":{"footnotes":""},"class_list":["post-637","page","type-page","status-publish","hentry"],"_links":{"self":[{"href":"https:\/\/pano-graph.com\/en_en\/wp-json\/wp\/v2\/pages\/637","targetHints":{"allow":["GET"]}}],"collection":[{"href":"https:\/\/pano-graph.com\/en_en\/wp-json\/wp\/v2\/pages"}],"about":[{"href":"https:\/\/pano-graph.com\/en_en\/wp-json\/wp\/v2\/types\/page"}],"author":[{"embeddable":true,"href":"https:\/\/pano-graph.com\/en_en\/wp-json\/wp\/v2\/users\/1"}],"replies":[{"embeddable":true,"href":"https:\/\/pano-graph.com\/en_en\/wp-json\/wp\/v2\/comments?post=637"}],"version-history":[{"count":12,"href":"https:\/\/pano-graph.com\/en_en\/wp-json\/wp\/v2\/pages\/637\/revisions"}],"predecessor-version":[{"id":800,"href":"https:\/\/pano-graph.com\/en_en\/wp-json\/wp\/v2\/pages\/637\/revisions\/800"}],"wp:attachment":[{"href":"https:\/\/pano-graph.com\/en_en\/wp-json\/wp\/v2\/media?parent=637"}],"curies":[{"name":"wp","href":"https:\/\/api.w.org\/{rel}","templated":true}]}}