{"id":635,"date":"2021-08-07T10:49:18","date_gmt":"2021-08-07T10:49:18","guid":{"rendered":"https:\/\/preview.treethemes.com\/quercus\/demo1\/?page_id=635"},"modified":"2022-10-27T11:20:22","modified_gmt":"2022-10-27T11:20:22","slug":"work","status":"publish","type":"page","link":"https:\/\/pano-graph.com\/en_en\/work\/","title":{"rendered":"Work"},"content":{"rendered":"<div id=\"portfolio\" class=\"vc_row wpb_row vc_row-fluid vc_custom_1498242530261\"><div class=\"wpb_column vc_column_container vc_col-sm-12\"><div class=\"vc_column-inner\"><div class=\"wpb_wrapper\"><h6 style=\"color: #c1c1c1;text-align: center\" class=\"vc_custom_heading\" >WE MAKE GOOD THINGS<\/h6><h2 style=\"font-size: 40px;text-align: center\" class=\"vc_custom_heading\" >OUR ACHIEVEMENTS<\/h2><div class=\"vc_empty_space\"   style=\"height: 20px\"><span class=\"vc_empty_space_inner\"><\/span><\/div><div id=\"ultimate-heading-965169f5b256bda8d\" class=\"uvc-heading ult-adjust-bottom-margin ultimate-heading-965169f5b256bda8d uvc-3987\" data-hspacer=\"line_only\"  data-halign=\"center\" style=\"text-align:center\"><div class=\"uvc-heading-spacer line_only\" style=\"margin-bottom:40px;height:2px;\"><span class=\"uvc-headings-line\" style=\"border-style:solid;border-bottom-width:2px;border-color:#212121;width:80px;\"><\/span><\/div><\/div><div class=\"vc_empty_space\"   style=\"height: 20px\"><span class=\"vc_empty_space_inner\"><\/span><\/div><\/div><\/div><\/div><\/div><div class=\"vc_row wpb_row vc_row-fluid\"><div class=\"wpb_column vc_column_container vc_col-sm-12\"><div class=\"vc_column-inner\"><div class=\"wpb_wrapper\"><style type='text\/css'>#cbpw-wrap58 {margin:0px 0px 0px 0px;}#cbpw-grid58 .cbp-l-grid-projects-title {color:#474747;background-color:transparent;font-size:15px;font-family:Mulish;font-weight:800;font-style:normal;line-height:21px;text-align:center;padding:0px 0px 0px 0px;margin:20px 0px 0px 10px;text-transform:capitalize;}#cbpw-grid58 .cbp-l-grid-projects-desc {color:#bbbfbf;background-color:transparent;font-size:12px;font-family:Mulish;font-weight:400;font-style:normal;line-height:18px;text-align:center;padding:0px 0px 0px 0px;margin:2px 0px 0px 10px;text-transform:none;}#cbpw-grid58 .cbp-l-caption-buttonLeft {color:#FFFFFF;background-color:transparent;font-size:11px;font-family:Mulish;font-weight:800;font-style:normal;line-height:30px;text-align:center;text-transform:none;padding:0px 10px 0px 10px;margin:10px 10px 4px 10px;}#cbpw-grid58 .cbp-l-caption-buttonRight {color:#FFFFFF;background-color:transparent;font-size:11px;font-family:Mulish;font-weight:800;font-style:normal;line-height:30px;text-align:center;text-transform:none;padding:0px 10px 0px 10px;margin:10px 10px 4px 10px;}#cbpw-grid58 .cbp-caption {margin-bottom:0;}#cbpw-grid58 .cbp-caption-activeWrap {background-color:rgba(16,16,16,0.95);}#cbpw-filters58 .cbp-filter-item {background-color:transparent;border-width:1px 1px 1px 1px;border-style:solid;border-color:#cdcdcd;border-radius:0;color:#888888;font-size:11px;font-family:Open Sans,sans-serif;font-weight:400;font-style:normal;line-height:30px;margin:0px 8px 10px 0px;padding:0px 13px 0px 13px;text-transform:uppercase;}#cbpw-filters58 .cbp-filter-item:hover {background-color:#101010;border-width:1px 1px 1px 1px;border-style:solid;border-color:#101010;border-radius:0;color:#ffffff;font-size:11px;font-family:Open Sans,sans-serif;font-weight:400;font-style:normal;line-height:30px;margin:0px 8px 10px 0px;padding:0px 13px 0px 13px;text-transform:uppercase;}#cbpw-filters58 .cbp-filter-item.cbp-filter-item-active {background-color:#101010;border-width:1px 1px 1px 1px;border-style:solid;border-color:#101010;border-radius:0;color:#fff;font-size:11px;font-family:Open Sans,sans-serif;font-weight:600;font-style:normal;line-height:30px;margin:0px 8px 10px 0px;padding:0px 13px 0px 13px;text-transform:uppercase;}#cbpw-filters58 .cbp-filter-item.cbp-filter-item-active:hover {background-color:#101010;border-width:1px 1px 1px 1px;border-style:solid;border-color:#101010;border-radius:0;color:#ffffff;font-size:11px;font-family:Open Sans,sans-serif;font-weight:600;font-style:normal;line-height:30px;margin:0px 8px 10px 0px;padding:0px 13px 0px 13px;text-transform:uppercase;}#cbpw-loadMore58 .cbp-l-loadMore-link {color:#7E7B7B;background-color:transparent;border-width:1px 1px 1px 1px;border-style:solid;border-color:#DEDEDE;font-size:12px;font-family:Open Sans,sans-serif;font-weight:400;font-style:normal;line-height:34px;text-align:center;padding:0px 30px 0px 30px;margin:40px 0px 0px 0px;text-transform:none;}#cbpw-loadMore58 .cbp-l-loadMore-link:hover {color:#B0B0B0;background-color:transparent;border-width:1px 1px 1px 1px;border-style:solid;border-color:#DEDEDE;font-size:12px;font-family:Open Sans,sans-serif;font-weight:400;font-style:normal;line-height:34px;text-align:center;padding:0px 30px 0px 30px;margin:40px 0px 0px 0px;text-transform:none;}#cbpw-loadMore58 .cbp-l-loadMore-loading {color:#B0B0B0;background-color:transparent;border-width:1px 1px 1px 1px;border-style:solid;border-color:#DEDEDE;font-size:12px;font-family:Open Sans,sans-serif;font-weight:400;font-style:normal;line-height:34px;text-align:center;padding:0px 30px 0px 30px;margin:40px 0px 0px 0px;text-transform:none;}#cbpw-loadMore58 .cbp-l-loadMore-loading:hover {color:#B0B0B0;background-color:transparent;border-width:1px 1px 1px 1px;border-style:solid;border-color:#DEDEDE;font-size:12px;font-family:Open Sans,sans-serif;font-weight:400;font-style:normal;line-height:34px;text-align:center;padding:0px 30px 0px 30px;margin:40px 0px 0px 0px;text-transform:none;}#cbpw-loadMore58 .cbp-l-loadMore-stop {color:#B0B0B0;background-color:transparent;border-width:1px 1px 1px 1px;border-style:solid;border-color:#DEDEDE;font-size:12px;font-family:Open Sans,sans-serif;font-weight:400;font-style:normal;line-height:34px;text-align:center;padding:0px 30px 0px 30px;margin:40px 0px 0px 0px;text-transform:none;}#cbpw-loadMore58 .cbp-l-loadMore-stop:hover {color:#B0B0B0;background-color:transparent;border-width:1px 1px 1px 1px;border-style:solid;border-color:#DEDEDE;font-size:12px;font-family:Open Sans,sans-serif;font-weight:400;font-style:normal;line-height:34px;text-align:center;padding:0px 30px 0px 30px;margin:40px 0px 0px 0px;text-transform:none;}#cbpw-singlePage58 .cbp-popup-navigation-wrap {background-color:#34425C;}#cbpw-singlePage58 .cbp-popup-singlePage-counter {color:#bbc0df;font-size:13px;font-family:Open Sans;font-weight:400;font-style:normal;}<\/style><link rel=\"stylesheet\" href=\"\/\/fonts.googleapis.com\/css?family=Open+Sans:400normal,600normal\" type=\"text\/css\" media=\"all\" property=\"stylesheet\"><div id=\"cbpw-wrap58\"><div id=\"cbpw-filters58\" class=\"cbp-l-filters-alignLeft des-align-center\"><div data-filter=\"*\" class=\"cbp-filter-item cbp-filter-item-active\">Tous<\/div>\n<div data-filter=\".s\u00e9rigraphie\" class=\"cbp-filter-item\">Screen printing<\/div>\n<div data-filter=\".signal\u00e9tique\" class=\"cbp-filter-item\">Signage<\/div>\n<div data-filter=\".impressionnum\u00e9rique\" class=\"cbp-filter-item\">Digital Printing<\/div>\n<div data-filter=\".sublimation\" class=\"cbp-filter-item\">Sublimation<\/div>\n<div data-filter=\".enseignes\" class=\"cbp-filter-item\">Signs <\/div>\n<div data-filter=\".d\u00e9coupelaser\" class=\"cbp-filter-item\">Laser cutting<\/div>\n<\/div><div id=\"cbpw-grid58\" class=\"cbp-l-grid-projects cbp\"><div><div class=\"cbp-item s\u00e9rigraphie\"><div class=\"cbp-caption\"><div class=\"cbp-caption-defaultWrap\"><img decoding=\"async\" src=\"\/\/pano-graph.com\/wp-content\/uploads\/2022\/10\/1.webp\" alt=\"\"><\/div><div class=\"cbp-caption-activeWrap\"><div class=\"cbp-l-caption-alignCenter\"><div class=\"cbp-l-caption-body\"><a href=\"\/\/pano-graph.com\/wp-content\/uploads\/2022\/10\/1.webp\" class=\"cbp-lightbox cbp-l-caption-buttonRight\">ZOOM<\/a><\/div><\/div><\/div><\/div><div class=\"cbp-l-grid-projects-title\">HIS QUEEN<\/div><\/div><div class=\"cbp-item des-project des-align-center signal\u00e9tique\"><div class=\"cbp-caption\"><div class=\"cbp-caption-defaultWrap\"><img decoding=\"async\" src=\"\/\/pano-graph.com\/wp-content\/uploads\/2022\/10\/4.webp\" alt=\"\"><\/div><div class=\"cbp-caption-activeWrap\"><div class=\"cbp-l-caption-alignCenter\"><div class=\"cbp-l-caption-body\"><a href=\"\/\/pano-graph.com\/wp-content\/uploads\/2022\/10\/4.webp\" class=\"cbp-lightbox cbp-l-caption-buttonRight\">ZOOM<\/a><\/div><\/div><\/div><\/div><div class=\"cbp-l-grid-projects-title\">GARDEN PARIS-MARRAKECH<\/div><\/div><div class=\"cbp-item signal\u00e9tique\"><div class=\"cbp-caption\"><div class=\"cbp-caption-defaultWrap\"><img decoding=\"async\" src=\"\/\/pano-graph.com\/wp-content\/uploads\/2022\/10\/3.webp\" alt=\"\"><\/div><div class=\"cbp-caption-activeWrap\"><div class=\"cbp-l-caption-alignCenter\"><div class=\"cbp-l-caption-body\"><a href=\"\/\/pano-graph.com\/wp-content\/uploads\/2022\/10\/3.webp\" class=\"cbp-lightbox cbp-l-caption-buttonRight\">ZOOM<\/a><\/div><\/div><\/div><\/div><div class=\"cbp-l-grid-projects-title\">LOTUS<\/div><\/div><div class=\"cbp-item signal\u00e9tique\"><div class=\"cbp-caption\"><div class=\"cbp-caption-defaultWrap\"><img decoding=\"async\" src=\"\/\/pano-graph.com\/wp-content\/uploads\/2022\/10\/5.webp\" alt=\"\"><\/div><div class=\"cbp-caption-activeWrap\"><div class=\"cbp-l-caption-alignCenter\"><div class=\"cbp-l-caption-body\"><a href=\"\/\/pano-graph.com\/wp-content\/uploads\/2022\/10\/5.webp\" class=\"cbp-lightbox cbp-l-caption-buttonRight\">ZOOM<\/a><\/div><\/div><\/div><\/div><div class=\"cbp-l-grid-projects-title\">NECTAROME<\/div><\/div><div class=\"cbp-item signal\u00e9tique\"><div class=\"cbp-caption\"><div class=\"cbp-caption-defaultWrap\"><img decoding=\"async\" src=\"\/\/pano-graph.com\/wp-content\/uploads\/2022\/10\/6.webp\" alt=\"\"><\/div><div class=\"cbp-caption-activeWrap\"><div class=\"cbp-l-caption-alignCenter\"><div class=\"cbp-l-caption-body\"><a href=\"\/\/pano-graph.com\/wp-content\/uploads\/2022\/10\/6.webp\" class=\"cbp-lightbox cbp-l-caption-buttonRight\">ZOOM<\/a><\/div><\/div><\/div><\/div><div class=\"cbp-l-grid-projects-title\">PHARMACIE<\/div><\/div><div class=\"cbp-item signal\u00e9tique\"><div class=\"cbp-caption\"><div class=\"cbp-caption-defaultWrap\"><img decoding=\"async\" src=\"\/\/pano-graph.com\/wp-content\/uploads\/2022\/10\/7.webp\" alt=\"\"><\/div><div class=\"cbp-caption-activeWrap\"><div class=\"cbp-l-caption-alignCenter\"><div class=\"cbp-l-caption-body\"><a href=\"\/\/pano-graph.com\/wp-content\/uploads\/2022\/10\/7.webp\" class=\"cbp-lightbox cbp-l-caption-buttonRight\">ZOOM<\/a><\/div><\/div><\/div><\/div><div class=\"cbp-l-grid-projects-title\">BIJOUTERIE ADAM<\/div><\/div><div class=\"cbp-item signal\u00e9tique\"><div class=\"cbp-caption\"><div class=\"cbp-caption-defaultWrap\"><img decoding=\"async\" src=\"\/\/pano-graph.com\/wp-content\/uploads\/2022\/10\/8.webp\" alt=\"\"><\/div><div class=\"cbp-caption-activeWrap\"><div class=\"cbp-l-caption-alignCenter\"><div class=\"cbp-l-caption-body\"><a href=\"\/\/pano-graph.com\/wp-content\/uploads\/2022\/10\/8.webp\" class=\"cbp-lightbox cbp-l-caption-buttonRight\">ZOOM<\/a><\/div><\/div><\/div><\/div><div class=\"cbp-l-grid-projects-title\">CAFE AMINE ICE<\/div><\/div><div class=\"cbp-item signal\u00e9tique\"><div class=\"cbp-caption\"><div class=\"cbp-caption-defaultWrap\"><img decoding=\"async\" src=\"\/\/pano-graph.com\/wp-content\/uploads\/2022\/10\/2-1.webp\" alt=\"\"><\/div><div class=\"cbp-caption-activeWrap\"><div class=\"cbp-l-caption-alignCenter\"><div class=\"cbp-l-caption-body\"><a href=\"\/\/pano-graph.com\/wp-content\/uploads\/2022\/10\/2-1.webp\" class=\"cbp-lightbox cbp-l-caption-buttonRight\">ZOOM<\/a><\/div><\/div><\/div><\/div><div class=\"cbp-l-grid-projects-title\">TAMARATES<\/div><\/div><div class=\"cbp-item signal\u00e9tique\"><div class=\"cbp-caption\"><div class=\"cbp-caption-defaultWrap\"><img decoding=\"async\" src=\"\/\/pano-graph.com\/wp-content\/uploads\/2022\/10\/3-1.webp\" alt=\"\"><\/div><div class=\"cbp-caption-activeWrap\"><div class=\"cbp-l-caption-alignCenter\"><div class=\"cbp-l-caption-body\"><a href=\"\/\/pano-graph.com\/wp-content\/uploads\/2022\/10\/3-1.webp\" class=\"cbp-lightbox cbp-l-caption-buttonRight\">ZOOM<\/a><\/div><\/div><\/div><\/div><div class=\"cbp-l-grid-projects-title\">VICTORIA DRINK STORE<\/div><\/div><div class=\"cbp-item signal\u00e9tique\"><div class=\"cbp-caption\"><div class=\"cbp-caption-defaultWrap\"><img decoding=\"async\" src=\"\/\/pano-graph.com\/wp-content\/uploads\/2022\/10\/4-1.webp\" alt=\"\"><\/div><div class=\"cbp-caption-activeWrap\"><div class=\"cbp-l-caption-alignCenter\"><div class=\"cbp-l-caption-body\"><a href=\"\/\/pano-graph.com\/wp-content\/uploads\/2022\/10\/4-1.webp\" class=\"cbp-lightbox cbp-l-caption-buttonRight\">ZOOM<\/a><\/div><\/div><\/div><\/div><div class=\"cbp-l-grid-projects-title\">CHAMPION MARKET<\/div><\/div><div class=\"cbp-item des-align-center signal\u00e9tique\"><div class=\"cbp-caption\"><div class=\"cbp-caption-defaultWrap\"><img decoding=\"async\" src=\"\/\/pano-graph.com\/wp-content\/uploads\/2022\/10\/5-1.webp\" alt=\"\"><\/div><div class=\"cbp-caption-activeWrap\"><div class=\"cbp-l-caption-alignCenter\"><div class=\"cbp-l-caption-body\"><a href=\"\/\/pano-graph.com\/wp-content\/uploads\/2022\/10\/5-1.webp\" class=\"cbp-lightbox cbp-l-caption-buttonRight\">ZOOM<\/a><\/div><\/div><\/div><\/div><div class=\"cbp-l-grid-projects-title\">POLAR YOGURT<\/div><\/div><div class=\"cbp-item des-project s\u00e9rigraphie des-align-center\"><div class=\"cbp-caption\"><div class=\"cbp-caption-defaultWrap\"><img decoding=\"async\" src=\"\/\/pano-graph.com\/wp-content\/uploads\/2022\/10\/6-1.webp\" alt=\"\"><\/div><div class=\"cbp-caption-activeWrap\"><div class=\"cbp-l-caption-alignCenter\"><div class=\"cbp-l-caption-body\"><a href=\"\/\/pano-graph.com\/wp-content\/uploads\/2022\/10\/6-1.webp\" class=\"cbp-lightbox cbp-l-caption-buttonRight\">ZOOM<\/a><\/div><\/div><\/div><\/div><div class=\"cbp-l-grid-projects-title\">MOMO<\/div><\/div><div class=\"cbp-item signal\u00e9tique\"><div class=\"cbp-caption\"><div class=\"cbp-caption-defaultWrap\"><img decoding=\"async\" src=\"\/\/pano-graph.com\/wp-content\/uploads\/2022\/10\/1-1.webp\" alt=\"\"><\/div><div class=\"cbp-caption-activeWrap\"><div class=\"cbp-l-caption-alignCenter\"><div class=\"cbp-l-caption-body\"><a href=\"\/\/pano-graph.com\/wp-content\/uploads\/2022\/10\/1-1.webp\" class=\"cbp-lightbox cbp-l-caption-buttonRight\">ZOOM<\/a><\/div><\/div><\/div><\/div><div class=\"cbp-l-grid-projects-title\">BABILA<\/div><\/div><div class=\"cbp-item impressionnum\u00e9rique\"><div class=\"cbp-caption\"><div class=\"cbp-caption-defaultWrap\"><img decoding=\"async\" src=\"\/\/pano-graph.com\/wp-content\/uploads\/2022\/10\/2-2.webp\" alt=\"\"><\/div><div class=\"cbp-caption-activeWrap\"><div class=\"cbp-l-caption-alignCenter\"><div class=\"cbp-l-caption-body\"><a href=\"\/\/pano-graph.com\/wp-content\/uploads\/2022\/10\/2-2.webp\" class=\"cbp-lightbox cbp-l-caption-buttonRight\">ZOOM<\/a><\/div><\/div><\/div><\/div><div class=\"cbp-l-grid-projects-title\">ZIGZAG<\/div><\/div><div class=\"cbp-item impressionnum\u00e9rique sublimation signal\u00e9tique\"><div class=\"cbp-caption\"><div class=\"cbp-caption-defaultWrap\"><img decoding=\"async\" src=\"\/\/pano-graph.com\/wp-content\/uploads\/2022\/10\/4-2.webp\" alt=\"\"><\/div><div class=\"cbp-caption-activeWrap\"><div class=\"cbp-l-caption-alignCenter\"><div class=\"cbp-l-caption-body\"><a href=\"\/\/pano-graph.com\/wp-content\/uploads\/2022\/10\/4-2.webp\" class=\"cbp-lightbox cbp-l-caption-buttonRight\">ZOOM<\/a><\/div><\/div><\/div><\/div><div class=\"cbp-l-grid-projects-title\">PICANTO<\/div><\/div><div class=\"cbp-item signal\u00e9tique\"><div class=\"cbp-caption\"><div class=\"cbp-caption-defaultWrap\"><img decoding=\"async\" src=\"\/\/pano-graph.com\/wp-content\/uploads\/2022\/10\/5-2.webp\" alt=\"\"><\/div><div class=\"cbp-caption-activeWrap\"><div class=\"cbp-l-caption-alignCenter\"><div class=\"cbp-l-caption-body\"><a href=\"\/\/pano-graph.com\/wp-content\/uploads\/2022\/10\/5-2.webp\" class=\"cbp-lightbox cbp-l-caption-buttonRight\">ZOOM<\/a><\/div><\/div><\/div><\/div><div class=\"cbp-l-grid-projects-title\">BIJOUTERIE LA PLACE<\/div><\/div><div class=\"cbp-item signal\u00e9tique\"><div class=\"cbp-caption\"><div class=\"cbp-caption-defaultWrap\"><img decoding=\"async\" src=\"\/\/pano-graph.com\/wp-content\/uploads\/2022\/10\/6-2.webp\" alt=\"\"><\/div><div class=\"cbp-caption-activeWrap\"><div class=\"cbp-l-caption-alignCenter\"><div class=\"cbp-l-caption-body\"><a href=\"\/\/pano-graph.com\/wp-content\/uploads\/2022\/10\/6-2.webp\" class=\"cbp-lightbox cbp-l-caption-buttonRight\">ZOOM<\/a><\/div><\/div><\/div><\/div><div class=\"cbp-l-grid-projects-title\">PALMERAIE HOTELS &amp; RESORTS<\/div><\/div><div class=\"cbp-item signal\u00e9tique\"><div class=\"cbp-caption\"><div class=\"cbp-caption-defaultWrap\"><img decoding=\"async\" src=\"\/\/pano-graph.com\/wp-content\/uploads\/2022\/10\/9.webp\" alt=\"\"><\/div><div class=\"cbp-caption-activeWrap\"><div class=\"cbp-l-caption-alignCenter\"><div class=\"cbp-l-caption-body\"><a href=\"\/\/pano-graph.com\/wp-content\/uploads\/2022\/10\/9.webp\" class=\"cbp-lightbox cbp-l-caption-buttonRight\">ZOOM<\/a><\/div><\/div><\/div><\/div><div class=\"cbp-l-grid-projects-title\">LA PLAGE ROUGE<\/div><\/div><div class=\"cbp-item signal\u00e9tique\"><div class=\"cbp-caption\"><div class=\"cbp-caption-defaultWrap\"><img decoding=\"async\" src=\"\/\/pano-graph.com\/wp-content\/uploads\/2022\/10\/7-1.webp\" alt=\"\"><\/div><div class=\"cbp-caption-activeWrap\"><div class=\"cbp-l-caption-alignCenter\"><div class=\"cbp-l-caption-body\"><a href=\"\/\/pano-graph.com\/wp-content\/uploads\/2022\/10\/7-1.webp\" class=\"cbp-lightbox cbp-l-caption-buttonRight\">ZOOM<\/a><\/div><\/div><\/div><\/div><div class=\"cbp-l-grid-projects-title\">NABAB LOUNGE<\/div><\/div><div class=\"cbp-item signal\u00e9tique\"><div class=\"cbp-caption\"><div class=\"cbp-caption-defaultWrap\"><img decoding=\"async\" src=\"\/\/pano-graph.com\/wp-content\/uploads\/2022\/10\/10.webp\" alt=\"\"><\/div><div class=\"cbp-caption-activeWrap\"><div class=\"cbp-l-caption-alignCenter\"><div class=\"cbp-l-caption-body\"><a href=\"\/\/pano-graph.com\/wp-content\/uploads\/2022\/10\/10.webp\" class=\"cbp-lightbox cbp-l-caption-buttonRight\">ZOOM<\/a><\/div><\/div><\/div><\/div><div class=\"cbp-l-grid-projects-title\">RUFAFISH<\/div><\/div><div class=\"cbp-item signal\u00e9tique\"><div class=\"cbp-caption\"><div class=\"cbp-caption-defaultWrap\"><img decoding=\"async\" src=\"\/\/pano-graph.com\/wp-content\/uploads\/2022\/10\/11.webp\" alt=\"\"><\/div><div class=\"cbp-caption-activeWrap\"><div class=\"cbp-l-caption-alignCenter\"><div class=\"cbp-l-caption-body\"><a href=\"\/\/pano-graph.com\/wp-content\/uploads\/2022\/10\/11.webp\" class=\"cbp-lightbox cbp-l-caption-buttonRight\">ZOOM<\/a><\/div><\/div><\/div><\/div><div class=\"cbp-l-grid-projects-title\">RACINE<\/div><\/div><div class=\"cbp-item signal\u00e9tique\"><div class=\"cbp-caption\"><div class=\"cbp-caption-defaultWrap\"><img decoding=\"async\" src=\"\/\/pano-graph.com\/wp-content\/uploads\/2022\/10\/12.webp\" alt=\"\"><\/div><div class=\"cbp-caption-activeWrap\"><div class=\"cbp-l-caption-alignCenter\"><div class=\"cbp-l-caption-body\"><a href=\"\/\/pano-graph.com\/wp-content\/uploads\/2022\/10\/12.webp\" class=\"cbp-lightbox cbp-l-caption-buttonRight\">ZOOM<\/a><\/div><\/div><\/div><\/div><div class=\"cbp-l-grid-projects-title\">PALMOSA MARRAKECH<\/div><\/div><div class=\"cbp-item signal\u00e9tique\"><div class=\"cbp-caption\"><div class=\"cbp-caption-defaultWrap\"><img decoding=\"async\" src=\"\/\/pano-graph.com\/wp-content\/uploads\/2022\/10\/1.jpg\" alt=\"\"><\/div><div class=\"cbp-caption-activeWrap\"><div class=\"cbp-l-caption-alignCenter\"><div class=\"cbp-l-caption-body\"><a href=\"\/\/pano-graph.com\/wp-content\/uploads\/2022\/10\/1.jpg\" class=\"cbp-lightbox cbp-l-caption-buttonRight\">ZOOM<\/a><\/div><\/div><\/div><\/div><div class=\"cbp-l-grid-projects-title\">CARREFOUR<\/div><\/div><div class=\"cbp-item signal\u00e9tique\"><div class=\"cbp-caption\"><div class=\"cbp-caption-defaultWrap\"><img decoding=\"async\" src=\"\/\/pano-graph.com\/wp-content\/uploads\/2022\/10\/2.jpg\" alt=\"\"><\/div><div class=\"cbp-caption-activeWrap\"><div class=\"cbp-l-caption-alignCenter\"><div class=\"cbp-l-caption-body\"><a href=\"\/\/pano-graph.com\/wp-content\/uploads\/2022\/10\/2.jpg\" class=\"cbp-lightbox cbp-l-caption-buttonRight\">ZOOM<\/a><\/div><\/div><\/div><\/div><div class=\"cbp-l-grid-projects-title\">BOULANGERIE POMME D'OR<\/div><\/div><div class=\"cbp-item signal\u00e9tique\"><div class=\"cbp-caption\"><div class=\"cbp-caption-defaultWrap\"><img decoding=\"async\" src=\"\/\/pano-graph.com\/wp-content\/uploads\/2022\/10\/3.jpg\" alt=\"\"><\/div><div class=\"cbp-caption-activeWrap\"><div class=\"cbp-l-caption-alignCenter\"><div class=\"cbp-l-caption-body\"><a href=\"\/\/pano-graph.com\/wp-content\/uploads\/2022\/10\/3.jpg\" class=\"cbp-lightbox cbp-l-caption-buttonRight\">ZOOM<\/a><\/div><\/div><\/div><\/div><div class=\"cbp-l-grid-projects-title\">WAH WAH<\/div><\/div><div class=\"cbp-item signal\u00e9tique\"><div class=\"cbp-caption\"><div class=\"cbp-caption-defaultWrap\"><img decoding=\"async\" src=\"\/\/pano-graph.com\/wp-content\/uploads\/2022\/10\/3-1.jpg\" alt=\"\"><\/div><div class=\"cbp-caption-activeWrap\"><div class=\"cbp-l-caption-alignCenter\"><div class=\"cbp-l-caption-body\"><a href=\"\/\/pano-graph.com\/wp-content\/uploads\/2022\/10\/3-1.jpg\" class=\"cbp-lightbox cbp-l-caption-buttonRight\">ZOOM<\/a><\/div><\/div><\/div><\/div><div class=\"cbp-l-grid-projects-title\">LE COMPTOIR<\/div><\/div><\/div><\/div><\/div><script type=\"text\/javascript\">this.initCubePortfolio =  this.initCubePortfolio || []; this.initCubePortfolio.push({id: 58, options: {\"filters\":\"#cbpw-filters58\",\"loadMore\":\"\",\"loadMoreAction\":\"click\",\"search\":\"\",\"layoutMode\":\"grid\",\"sortToPreventGaps\":false,\"drag\":true,\"auto\":false,\"autoTimeout\":5000,\"autoPauseOnHover\":true,\"showNavigation\":true,\"showPagination\":true,\"rewindNav\":true,\"scrollByPage\":false,\"defaultFilter\":\"*\",\"filterDeeplinking\":false,\"animationType\":\"slideLeft\",\"gridAdjustment\":\"responsive\",\"mediaQueries\":[{\"width\":1400,\"cols\":4},{\"width\":1170,\"cols\":4},{\"width\":1024,\"cols\":4},{\"width\":960,\"cols\":4},{\"width\":778,\"cols\":2},{\"width\":640,\"cols\":2},{\"width\":480,\"cols\":1}],\"gapHorizontal\":40,\"gapVertical\":40,\"caption\":\"revealTop\",\"displayType\":\"bottomToTop\",\"displayTypeSpeed\":100,\"lightboxDelegate\":\".cbp-lightbox\",\"lightboxGallery\":true,\"lightboxTitleSrc\":\"data-title\",\"lightboxCounter\":\"<div class=\\\"cbp-popup-lightbox-counter\\\">{{current}} of {{total}}<\/div>\",\"singlePageDelegate\":\".cbp-singlePage\",\"singlePageDeeplinking\":true,\"singlePageStickyNavigation\":true,\"singlePageCounter\":\"<div class=\\\"cbp-popup-singlePage-counter\\\">{{current}} of {{total}}<\/div>\",\"singlePageAnimation\":\"middle\",\"singlePageInlineDelegate\":\".cbp-singlePageInline\",\"singlePageInlineDeeplinking\":false,\"singlePageInlinePosition\":\"top\",\"singlePageInlineInFocus\":true,\"plugins\":{},\"cols\":3,\"coverRatio\":\"\",\"displayItemsLoadMore\":4}});<\/script><\/div><\/div><\/div><\/div>","protected":false},"excerpt":{"rendered":"NOUS FABRIQUONS DE BONNES CHOSESNOS REALISATIONSTous S\u00e9rigraphie Signal\u00e9tique Impression num\u00e9rique Sublimation Enseignes D\u00e9coupe laser ZOOMHIS QUEENZOOMGARDEN PARIS-MARRAKECHZOOMLOTUSZOOMNECTAROMEZOOMPHARMACIEZOOMBIJOUTERIE ADAMZOOMCAFE AMINE ICEZOOMTAMARATESZOOMVICTORIA DRINK STOREZOOMCHAMPION MARKETZOOMPOLAR YOGURTZOOMMOMOZOOMBABILAZOOMZIGZAGZOOMPICANTOZOOMBIJOUTERIE LA PLACEZOOMPALMERAIE HOTELS &amp; RESORTSZOOMLA PLAGE ROUGEZOOMNABAB LOUNGEZOOMRUFAFISHZOOMRACINEZOOMPALMOSA MARRAKECHZOOMCARREFOURZOOMBOULANGERIE POMME D'ORZOOMWAH WAHZOOMLE COMPTOIR","protected":false},"author":1,"featured_media":0,"parent":0,"menu_order":0,"comment_status":"closed","ping_status":"closed","template":"one-page-template.php","meta":{"footnotes":""},"class_list":["post-635","page","type-page","status-publish","hentry"],"_links":{"self":[{"href":"https:\/\/pano-graph.com\/en_en\/wp-json\/wp\/v2\/pages\/635","targetHints":{"allow":["GET"]}}],"collection":[{"href":"https:\/\/pano-graph.com\/en_en\/wp-json\/wp\/v2\/pages"}],"about":[{"href":"https:\/\/pano-graph.com\/en_en\/wp-json\/wp\/v2\/types\/page"}],"author":[{"embeddable":true,"href":"https:\/\/pano-graph.com\/en_en\/wp-json\/wp\/v2\/users\/1"}],"replies":[{"embeddable":true,"href":"https:\/\/pano-graph.com\/en_en\/wp-json\/wp\/v2\/comments?post=635"}],"version-history":[{"count":2,"href":"https:\/\/pano-graph.com\/en_en\/wp-json\/wp\/v2\/pages\/635\/revisions"}],"predecessor-version":[{"id":778,"href":"https:\/\/pano-graph.com\/en_en\/wp-json\/wp\/v2\/pages\/635\/revisions\/778"}],"wp:attachment":[{"href":"https:\/\/pano-graph.com\/en_en\/wp-json\/wp\/v2\/media?parent=635"}],"curies":[{"name":"wp","href":"https:\/\/api.w.org\/{rel}","templated":true}]}}