{"id":631,"date":"2021-08-07T10:48:55","date_gmt":"2021-08-07T10:48:55","guid":{"rendered":"https:\/\/preview.treethemes.com\/quercus\/demo1\/?page_id=631"},"modified":"2023-02-02T17:45:50","modified_gmt":"2023-02-02T17:45:50","slug":"services","status":"publish","type":"page","link":"https:\/\/pano-graph.com\/en_en\/services\/","title":{"rendered":"Services"},"content":{"rendered":"<div class=\"vc_row wpb_row vc_row-fluid vc_custom_1481576227367\"><div class=\"wpb_column vc_column_container vc_col-sm-12\"><div class=\"vc_column-inner\"><div class=\"wpb_wrapper\"><h6 style=\"color: #c1c1c1;text-align: center\" class=\"vc_custom_heading\" >WE ARE A TEAM OF ENTHUSIASTIC TECHIES!<\/h6><h2 style=\"font-size: 40px;text-align: center\" class=\"vc_custom_heading\" >OUR SERVICES<\/h2><div class=\"vc_empty_space\"   style=\"height: 20px\"><span class=\"vc_empty_space_inner\"><\/span><\/div><div id=\"ultimate-heading-268269f3a23744a8c\" class=\"uvc-heading ult-adjust-bottom-margin ultimate-heading-268269f3a23744a8c uvc-737\" data-hspacer=\"line_only\"  data-halign=\"center\" style=\"text-align:center\"><div class=\"uvc-heading-spacer line_only\" style=\"margin-bottom:40px;height:2px;\"><span class=\"uvc-headings-line\" style=\"border-style:solid;border-bottom-width:2px;border-color:#212121;width:80px;\"><\/span><\/div><\/div><div class=\"vc_empty_space\"   style=\"height: 20px\"><span class=\"vc_empty_space_inner\"><\/span><\/div><div class=\"vc_row wpb_row vc_inner vc_row-fluid\"><div class=\"wpb_column vc_column_container vc_col-sm-2\"><div class=\"vc_column-inner\"><div class=\"wpb_wrapper\"><\/div><\/div><\/div><div class=\"wpb_column vc_column_container vc_col-sm-8\"><div class=\"vc_column-inner\"><div class=\"wpb_wrapper\">\n\t<div class=\"wpb_text_column wpb_content_element\" >\n\t\t<div class=\"wpb_wrapper\">\n\t\t\t<p>At Panograph, we are proud to offer the latest trends in advertising signage to help you stand out from your competitors. Our website offers a wide selection of products, including advertising banners, lighted signs, billboard advertising, stands, screen printing, and store fixtures.<\/p>\n<p>You can easily order any products that interest you online, or simply request a quote to better understand your signage needs. We are here to help you find the right advertising solution for your business. Feel free to browse our website to discover all that we have to offer.<\/p>\n\n\t\t<\/div>\n\t<\/div>\n<\/div><\/div><\/div><div class=\"wpb_column vc_column_container vc_col-sm-2\"><div class=\"vc_column-inner\"><div class=\"wpb_wrapper\"><\/div><\/div><\/div><\/div><\/div><\/div><\/div><\/div><div class=\"vc_row wpb_row vc_row-fluid vc_custom_1499009560693\"><div class=\"wpb_column vc_column_container vc_col-sm-12\"><div class=\"vc_column-inner\"><div class=\"wpb_wrapper\"><div class=\"ult-animation  ult-animate-viewport  ult-no-mobile\" data-animate=\"fadeIn\" data-animation-delay=\"0\" data-animation-duration=\"1\" data-animation-iteration=\"1\" style=\"opacity:0;\" data-opacity_start_effect=\"80\"><div class=\"vc_row wpb_row vc_inner vc_row-fluid icon-with-desc5\"><div class=\"wpb_column vc_column_container vc_col-sm-2\"><div class=\"vc_column-inner\"><div class=\"wpb_wrapper\"><div class=\"aio-icon-component    style_1\"><div id=\"Info-box-wrap-1010\" class=\"aio-icon-box tooltip-icon\" style=\"\"  ><div class=\"aio-icon-tooltip\"><div class=\"ult-just-icon-wrapper\"><div class=\"align-icon\" style=\"text-align:center;\">\n<div class=\"aio-icon advanced\" data-animation=\"fadeInUp\" data-animation-delay=\"03\" style=\"color:#ffffff;background:#101010;border-style:;border-color:#333333;border-width:1px;width:90px;height:90px;line-height:90px;border-radius:500px;font-size:35px;display:inline-block;\">\n\t<i class=\"linearicons-find-replace\"><\/i>\n<\/div><\/div><\/div><\/div><div class=\"aio-icon-header\" ><h3 class=\"aio-icon-title ult-responsive\"  data-ultimate-target='#Info-box-wrap-1010 .aio-icon-title'  data-responsive-json-new='{\"font-size\":\"desktop:10px;\",\"line-height\":\"\"}'  style=\"font-family:&#039;Montserrat&#039;;\">Laser cutting<\/h3><\/div> <!-- header --><div class=\"aio-icon-description ult-responsive\"  data-ultimate-target='#Info-box-wrap-1010 .aio-icon-description'  data-responsive-json-new='{\"font-size\":\"\",\"line-height\":\"\"}'  style=\"\"><\/p>\n<p style=\"text-align: center;\">Panograph est sp\u00e9cialis\u00e9 dans la d\u00e9coupe laser, le pliage et la soudure, nos machines derni\u00e8res cris nous permettent une tr\u00e8s grande libert\u00e9 de conception et une production rapide<\/p>\n<p><\/div> <!-- description --><\/div> <!-- aio-icon-box --><\/div> <!-- aio-icon-component --><div class=\"ult-spacer spacer-69f3a237453ef\" data-id=\"69f3a237453ef\" data-height=\"0\" data-height-mobile=\"40\" data-height-tab=\"\" data-height-tab-portrait=\"\" data-height-mobile-landscape=\"40\" style=\"clear:both;display:block;\"><\/div><\/div><\/div><\/div><div class=\"wpb_column vc_column_container vc_col-sm-2\"><div class=\"vc_column-inner\"><div class=\"wpb_wrapper\"><div class=\"aio-icon-component    style_1\"><div id=\"Info-box-wrap-4907\" class=\"aio-icon-box tooltip-icon\" style=\"\"  ><div class=\"aio-icon-tooltip\"><div class=\"ult-just-icon-wrapper\"><div class=\"align-icon\" style=\"text-align:center;\">\n<div class=\"aio-icon advanced\" data-animation=\"fadeInUp\" data-animation-delay=\"03\" style=\"color:#ffffff;background:#101010;border-style:;border-color:#333333;border-width:1px;width:90px;height:90px;line-height:90px;border-radius:500px;font-size:35px;display:inline-block;\">\n\t<i class=\"linearicons-pencil-ruler\"><\/i>\n<\/div><\/div><\/div><\/div><div class=\"aio-icon-header\" ><h3 class=\"aio-icon-title ult-responsive\"  data-ultimate-target='#Info-box-wrap-4907 .aio-icon-title'  data-responsive-json-new='{\"font-size\":\"desktop:10px;\",\"line-height\":\"\"}'  style=\"font-family:&#039;Montserrat&#039;;\">Signs<\/h3><\/div> <!-- header --><div class=\"aio-icon-description ult-responsive\"  data-ultimate-target='#Info-box-wrap-4907 .aio-icon-description'  data-responsive-json-new='{\"font-size\":\"\",\"line-height\":\"\"}'  style=\"\"><\/p>\n<p style=\"text-align: center;\">Totem, plan d\u2019un b\u00e2timent, signalisation temporaire int\u00e9rieure\/ext\u00e9rieure, panneaux et consignes de s\u00e9curit\u00e9, gravure, Panograph vous propose sa gamme de Signal\u00e9tique quels que soient vos besoins<\/p>\n<p><\/div> <!-- description --><\/div> <!-- aio-icon-box --><\/div> <!-- aio-icon-component --><div class=\"ult-spacer spacer-69f3a237454d2\" data-id=\"69f3a237454d2\" data-height=\"0\" data-height-mobile=\"40\" data-height-tab=\"\" data-height-tab-portrait=\"\" data-height-mobile-landscape=\"40\" style=\"clear:both;display:block;\"><\/div><\/div><\/div><\/div><div class=\"wpb_column vc_column_container vc_col-sm-2\"><div class=\"vc_column-inner\"><div class=\"wpb_wrapper\"><div class=\"aio-icon-component    style_1\"><div id=\"Info-box-wrap-6910\" class=\"aio-icon-box tooltip-icon\" style=\"\"  ><div class=\"aio-icon-tooltip\"><div class=\"ult-just-icon-wrapper\"><div class=\"align-icon\" style=\"text-align:center;\">\n<div class=\"aio-icon advanced\" data-animation=\"fadeInUp\" data-animation-delay=\"03\" style=\"color:#ffffff;background:#101010;border-style:;border-color:#333333;border-width:1px;width:90px;height:90px;line-height:90px;border-radius:500px;font-size:35px;display:inline-block;\">\n\t<i class=\"linearicons-desktop\"><\/i>\n<\/div><\/div><\/div><\/div><div class=\"aio-icon-header\" ><h3 class=\"aio-icon-title ult-responsive\"  data-ultimate-target='#Info-box-wrap-6910 .aio-icon-title'  data-responsive-json-new='{\"font-size\":\"desktop:10px;\",\"line-height\":\"\"}'  style=\"font-family:&#039;Montserrat&#039;;\">Digital Printing<\/h3><\/div> <!-- header --><div class=\"aio-icon-description ult-responsive\"  data-ultimate-target='#Info-box-wrap-6910 .aio-icon-description'  data-responsive-json-new='{\"font-size\":\"\",\"line-height\":\"\"}'  style=\"\"><\/p>\n<p style=\"text-align: center;\">Notre atelier d\u2019impression vous propose une large gamme de supports pour l\u2019impression de votre signal\u00e9tique ou communication en grand format<\/p>\n<p><\/div> <!-- description --><\/div> <!-- aio-icon-box --><\/div> <!-- aio-icon-component --><div class=\"ult-spacer spacer-69f3a2374559e\" data-id=\"69f3a2374559e\" data-height=\"0\" data-height-mobile=\"40\" data-height-tab=\"\" data-height-tab-portrait=\"\" data-height-mobile-landscape=\"40\" style=\"clear:both;display:block;\"><\/div><\/div><\/div><\/div><div class=\"wpb_column vc_column_container vc_col-sm-2\"><div class=\"vc_column-inner\"><div class=\"wpb_wrapper\"><div class=\"aio-icon-component    style_1\"><div id=\"Info-box-wrap-3422\" class=\"aio-icon-box tooltip-icon\" style=\"\"  ><div class=\"aio-icon-tooltip\"><div class=\"ult-just-icon-wrapper\"><div class=\"align-icon\" style=\"text-align:center;\">\n<div class=\"aio-icon advanced\" data-animation=\"fadeInUp\" data-animation-delay=\"03\" style=\"color:#ffffff;background:#101010;border-style:;border-color:#333333;border-width:1px;width:90px;height:90px;line-height:90px;border-radius:500px;font-size:35px;display:inline-block;\">\n\t<i class=\"linearicons-code\"><\/i>\n<\/div><\/div><\/div><\/div><div class=\"aio-icon-header\" ><h3 class=\"aio-icon-title ult-responsive\"  data-ultimate-target='#Info-box-wrap-3422 .aio-icon-title'  data-responsive-json-new='{\"font-size\":\"desktop:10px;\",\"line-height\":\"\"}'  style=\"font-family:&#039;Montserrat&#039;;\">Signage<\/h3><\/div> <!-- header --><div class=\"aio-icon-description ult-responsive\"  data-ultimate-target='#Info-box-wrap-3422 .aio-icon-description'  data-responsive-json-new='{\"font-size\":\"\",\"line-height\":\"\"}'  style=\"\"><\/p>\n<p style=\"text-align: center;\">Signal\u00e9tique int\u00e9rieure et ext\u00e9rieure avec Panograph, un Large choix de mati\u00e8res et style pour votre signal\u00e9tique priv\u00e9e ou publique divers et vari\u00e9s<\/p>\n<p><\/div> <!-- description --><\/div> <!-- aio-icon-box --><\/div> <!-- aio-icon-component --><div class=\"ult-spacer spacer-69f3a23745662\" data-id=\"69f3a23745662\" data-height=\"0\" data-height-mobile=\"40\" data-height-tab=\"\" data-height-tab-portrait=\"\" data-height-mobile-landscape=\"40\" style=\"clear:both;display:block;\"><\/div><\/div><\/div><\/div><div class=\"wpb_column vc_column_container vc_col-sm-2\"><div class=\"vc_column-inner\"><div class=\"wpb_wrapper\"><div class=\"aio-icon-component    style_1\"><div id=\"Info-box-wrap-9486\" class=\"aio-icon-box tooltip-icon\" style=\"\"  ><div class=\"aio-icon-tooltip\"><div class=\"ult-just-icon-wrapper\"><div class=\"align-icon\" style=\"text-align:center;\">\n<div class=\"aio-icon advanced\" data-animation=\"fadeInUp\" data-animation-delay=\"03\" style=\"color:#ffffff;background:#101010;border-style:;border-color:#333333;border-width:1px;width:90px;height:90px;line-height:90px;border-radius:500px;font-size:35px;display:inline-block;\">\n\t<i class=\"linearicons-rocket\"><\/i>\n<\/div><\/div><\/div><\/div><div class=\"aio-icon-header\" ><h3 class=\"aio-icon-title ult-responsive\"  data-ultimate-target='#Info-box-wrap-9486 .aio-icon-title'  data-responsive-json-new='{\"font-size\":\"desktop:10px;\",\"line-height\":\"\"}'  style=\"font-family:&#039;Montserrat&#039;;\">Screen printing<\/h3><\/div> <!-- header --><div class=\"aio-icon-description ult-responsive\"  data-ultimate-target='#Info-box-wrap-9486 .aio-icon-description'  data-responsive-json-new='{\"font-size\":\"\",\"line-height\":\"\"}'  style=\"\"><\/p>\n<p style=\"text-align: center;\">La s\u00e9rigraphie est un proc\u00e9d\u00e9 d&rsquo;impression par pochoir, Panograph vous propose un large choix de mat\u00e9riel de beaux-arts et fournitures de loisirs cr\u00e9atifs pour artistes professionnels et amateurs<\/p>\n<p><\/div> <!-- description --><\/div> <!-- aio-icon-box --><\/div> <!-- aio-icon-component --><div class=\"ult-spacer spacer-69f3a23745720\" data-id=\"69f3a23745720\" data-height=\"0\" data-height-mobile=\"40\" data-height-tab=\"\" data-height-tab-portrait=\"\" data-height-mobile-landscape=\"40\" style=\"clear:both;display:block;\"><\/div><\/div><\/div><\/div><div class=\"wpb_column vc_column_container vc_col-sm-2\"><div class=\"vc_column-inner\"><div class=\"wpb_wrapper\"><div class=\"aio-icon-component    style_1\"><div id=\"Info-box-wrap-8767\" class=\"aio-icon-box tooltip-icon\" style=\"\"  ><div class=\"aio-icon-tooltip\"><div class=\"ult-just-icon-wrapper\"><div class=\"align-icon\" style=\"text-align:center;\">\n<div class=\"aio-icon advanced\" data-animation=\"fadeInUp\" data-animation-delay=\"03\" style=\"color:#ffffff;background:#101010;border-style:;border-color:#333333;border-width:1px;width:90px;height:90px;line-height:90px;border-radius:500px;font-size:35px;display:inline-block;\">\n\t<i class=\"linearicons-leaf\"><\/i>\n<\/div><\/div><\/div><\/div><div class=\"aio-icon-header\" ><h3 class=\"aio-icon-title ult-responsive\"  data-ultimate-target='#Info-box-wrap-8767 .aio-icon-title'  data-responsive-json-new='{\"font-size\":\"desktop:10px;\",\"line-height\":\"\"}'  style=\"font-family:&#039;Montserrat&#039;;\">Sublimation<\/h3><\/div> <!-- header --><div class=\"aio-icon-description ult-responsive\"  data-ultimate-target='#Info-box-wrap-8767 .aio-icon-description'  data-responsive-json-new='{\"font-size\":\"\",\"line-height\":\"\"}'  style=\"\"><\/p>\n<p style=\"text-align: center;\">Technique d&rsquo;impression pour supports clairs utilisant des encres sp\u00e9cifiques. Elle est r\u00e9serv\u00e9e exclusivement aux marquages de textiles en polyester et de supports durs pr\u00e9alablement trait\u00e9s d&rsquo;un vernis industriel polyester<\/p>\n<p><\/div> <!-- description --><\/div> <!-- aio-icon-box --><\/div> <!-- aio-icon-component --><\/div><\/div><\/div><\/div><\/div><div class=\"vc_empty_space\"   style=\"height: 80px\"><span class=\"vc_empty_space_inner\"><\/span><\/div>\n\t<div  class=\"wpb_single_image wpb_content_element vc_align_center\">\n\t\t\n\t\t<figure class=\"wpb_wrapper vc_figure\">\n\t\t\t<div class=\"vc_single_image-wrapper   vc_box_border_grey\"><img loading=\"lazy\" decoding=\"async\" width=\"1234\" height=\"404\" src=\"https:\/\/pano-graph.com\/wp-content\/uploads\/2022\/10\/bg3.png\" class=\"vc_single_image-img attachment-full\" alt=\"\" title=\"bg3\" srcset=\"https:\/\/pano-graph.com\/wp-content\/uploads\/2022\/10\/bg3.png 1234w, https:\/\/pano-graph.com\/wp-content\/uploads\/2022\/10\/bg3-300x98.png 300w, https:\/\/pano-graph.com\/wp-content\/uploads\/2022\/10\/bg3-1024x335.png 1024w, https:\/\/pano-graph.com\/wp-content\/uploads\/2022\/10\/bg3-768x251.png 768w\" sizes=\"auto, (max-width: 1234px) 100vw, 1234px\" \/><\/div>\n\t\t<\/figure>\n\t<\/div>\n<\/div><\/div><\/div><\/div><div class=\"vc_row wpb_row vc_row-fluid vc_custom_1666785276686\"><div class=\"wpb_column vc_column_container vc_col-sm-12\"><div class=\"vc_column-inner\"><div class=\"wpb_wrapper\"><h2 style=\"font-size: 40px;color: #f7f7f7;text-align: center\" class=\"vc_custom_heading\" >WHAT WE DO<\/h2><div class=\"vc_empty_space\"   style=\"height: 80px\"><span class=\"vc_empty_space_inner\"><\/span><\/div><div id=\"ult-carousel-312476965469f3a237460a4\" class=\"ult-carousel-wrapper   ult_horizontal\" data-gutter=\"30\" data-rtl=\"false\" ><div class=\"ult-carousel-83564283069f3a23746090\" ><div class=\"aio-icon-component    style_1\"><div id=\"Info-box-wrap-2474\" class=\"aio-icon-box top-icon\" style=\"\"  ><div class=\"aio-icon-top\"><div class=\"ult-just-icon-wrapper\"><div class=\"align-icon\" style=\"text-align:center;\">\n<div class=\"aio-icon none\"  style=\"color:#f2f2f2;font-size:40px;display:inline-block;\">\n\t<i class=\"linearicons-diamond2\"><\/i>\n<\/div><\/div><\/div><\/div><div class=\"aio-icon-header\" ><h3 class=\"aio-icon-title ult-responsive\"  data-ultimate-target='#Info-box-wrap-2474 .aio-icon-title'  data-responsive-json-new='{\"font-size\":\"desktop:13px;\",\"line-height\":\"\"}'  style=\"font-family:&#039;Open Sans&#039;;font-weight:600;color:__USE_THEME_MAIN_COLOR__;\">USEFULL FEATURES<\/h3><\/div> <!-- header --><div class=\"aio-icon-description ult-responsive\"  data-ultimate-target='#Info-box-wrap-2474 .aio-icon-description'  data-responsive-json-new='{\"font-size\":\"\",\"line-height\":\"\"}'  style=\"color:#999999;\">Lorem ipsum dolor sit amet, consectetur adipiscing integer sodales vel eros quis consequat.<\/div> <!-- description --><\/div> <!-- aio-icon-box --><\/div> <!-- aio-icon-component --><div class=\"aio-icon-component    style_1\"><div id=\"Info-box-wrap-2660\" class=\"aio-icon-box top-icon\" style=\"\"  ><div class=\"aio-icon-top\"><div class=\"ult-just-icon-wrapper\"><div class=\"align-icon\" style=\"text-align:center;\">\n<div class=\"aio-icon none\"  style=\"color:#f2f2f2;font-size:40px;display:inline-block;\">\n\t<i class=\"linearicons-panorama\"><\/i>\n<\/div><\/div><\/div><\/div><div class=\"aio-icon-header\" ><h3 class=\"aio-icon-title ult-responsive\"  data-ultimate-target='#Info-box-wrap-2660 .aio-icon-title'  data-responsive-json-new='{\"font-size\":\"desktop:13px;\",\"line-height\":\"\"}'  style=\"font-family:&#039;Open Sans&#039;;font-weight:600;color:__USE_THEME_MAIN_COLOR__;\">DEMOS INCLUDED<\/h3><\/div> <!-- header --><div class=\"aio-icon-description ult-responsive\"  data-ultimate-target='#Info-box-wrap-2660 .aio-icon-description'  data-responsive-json-new='{\"font-size\":\"\",\"line-height\":\"\"}'  style=\"color:#999999;\">Lorem ipsum dolor sit amet, consectetur adipiscing integer sodales vel eros quis consequat.<\/div> <!-- description --><\/div> <!-- aio-icon-box --><\/div> <!-- aio-icon-component --><div class=\"aio-icon-component    style_1\"><div id=\"Info-box-wrap-8043\" class=\"aio-icon-box top-icon\" style=\"\"  ><div class=\"aio-icon-top\"><div class=\"ult-just-icon-wrapper\"><div class=\"align-icon\" style=\"text-align:center;\">\n<div class=\"aio-icon none\"  style=\"color:#f2f2f2;font-size:40px;display:inline-block;\">\n\t<i class=\"linearicons-feather2\"><\/i>\n<\/div><\/div><\/div><\/div><div class=\"aio-icon-header\" ><h3 class=\"aio-icon-title ult-responsive\"  data-ultimate-target='#Info-box-wrap-8043 .aio-icon-title'  data-responsive-json-new='{\"font-size\":\"desktop:14px;\",\"line-height\":\"\"}'  style=\"font-family:&#039;Open Sans&#039;;font-weight:600;color:__USE_THEME_MAIN_COLOR__;\">MINIMALIST DESIGN<\/h3><\/div> <!-- header --><div class=\"aio-icon-description ult-responsive\"  data-ultimate-target='#Info-box-wrap-8043 .aio-icon-description'  data-responsive-json-new='{\"font-size\":\"\",\"line-height\":\"\"}'  style=\"color:#999999;\">Lorem ipsum dolor sit amet, consectetur adipiscing integer sodales vel eros quis consequat.<\/div> <!-- description --><\/div> <!-- aio-icon-box --><\/div> <!-- aio-icon-component --><div class=\"aio-icon-component    style_1\"><div id=\"Info-box-wrap-4497\" class=\"aio-icon-box top-icon\" style=\"\"  ><div class=\"aio-icon-top\"><div class=\"ult-just-icon-wrapper\"><div class=\"align-icon\" style=\"text-align:center;\">\n<div class=\"aio-icon none\"  style=\"color:#f2f2f2;font-size:40px;display:inline-block;\">\n\t<i class=\"linearicons-tv\"><\/i>\n<\/div><\/div><\/div><\/div><div class=\"aio-icon-header\" ><h3 class=\"aio-icon-title ult-responsive\"  data-ultimate-target='#Info-box-wrap-4497 .aio-icon-title'  data-responsive-json-new='{\"font-size\":\"desktop:14px;\",\"line-height\":\"\"}'  style=\"font-family:&#039;Open Sans&#039;;font-weight:600;color:__USE_THEME_MAIN_COLOR__;\">PAGE BUILDER<\/h3><\/div> <!-- header --><div class=\"aio-icon-description ult-responsive\"  data-ultimate-target='#Info-box-wrap-4497 .aio-icon-description'  data-responsive-json-new='{\"font-size\":\"\",\"line-height\":\"\"}'  style=\"color:#999999;\">Lorem ipsum dolor sit amet, consectetur adipiscing integer sodales vel eros quis consequat.<\/div> <!-- description --><\/div> <!-- aio-icon-box --><\/div> <!-- aio-icon-component --><div class=\"aio-icon-component    style_1\"><div id=\"Info-box-wrap-5802\" class=\"aio-icon-box top-icon\" style=\"\"  ><div class=\"aio-icon-top\"><div class=\"ult-just-icon-wrapper\"><div class=\"align-icon\" style=\"text-align:center;\">\n<div class=\"aio-icon none\"  style=\"color:#f2f2f2;font-size:40px;display:inline-block;\">\n\t<i class=\"linearicons-planet\"><\/i>\n<\/div><\/div><\/div><\/div><div class=\"aio-icon-header\" ><h3 class=\"aio-icon-title ult-responsive\"  data-ultimate-target='#Info-box-wrap-5802 .aio-icon-title'  data-responsive-json-new='{\"font-size\":\"desktop:14px;\",\"line-height\":\"\"}'  style=\"font-family:&#039;Open Sans&#039;;font-weight:600;color:__USE_THEME_MAIN_COLOR__;\">TRANSLATION READY<\/h3><\/div> <!-- header --><div class=\"aio-icon-description ult-responsive\"  data-ultimate-target='#Info-box-wrap-5802 .aio-icon-description'  data-responsive-json-new='{\"font-size\":\"\",\"line-height\":\"\"}'  style=\"color:#999999;\">Lorem ipsum dolor sit amet, consectetur adipiscing integer sodales vel eros quis consequat.<\/div> <!-- description --><\/div> <!-- aio-icon-box --><\/div> <!-- aio-icon-component --><div class=\"aio-icon-component    style_1\"><div id=\"Info-box-wrap-2374\" class=\"aio-icon-box top-icon\" style=\"\"  ><div class=\"aio-icon-top\"><div class=\"ult-just-icon-wrapper\"><div class=\"align-icon\" style=\"text-align:center;\">\n<div class=\"aio-icon none\"  style=\"color:#f2f2f2;font-size:40px;display:inline-block;\">\n\t<i class=\"linearicons-palette\"><\/i>\n<\/div><\/div><\/div><\/div><div class=\"aio-icon-header\" ><h3 class=\"aio-icon-title ult-responsive\"  data-ultimate-target='#Info-box-wrap-2374 .aio-icon-title'  data-responsive-json-new='{\"font-size\":\"desktop:14px;\",\"line-height\":\"\"}'  style=\"font-family:&#039;Open Sans&#039;;font-weight:600;color:__USE_THEME_MAIN_COLOR__;\">UNLIMITED COLORS<\/h3><\/div> <!-- header --><div class=\"aio-icon-description ult-responsive\"  data-ultimate-target='#Info-box-wrap-2374 .aio-icon-description'  data-responsive-json-new='{\"font-size\":\"\",\"line-height\":\"\"}'  style=\"color:#999999;\">Lorem ipsum dolor sit amet, consectetur adipiscing integer sodales vel eros quis consequat.<\/div> <!-- description --><\/div> <!-- aio-icon-box --><\/div> <!-- aio-icon-component --><\/div><\/div>\t\t\t<script type=\"text\/javascript\">\r\n\t\t\t\tjQuery(document).ready(function ($) {\r\n\t\t\t\t\tif( typeof jQuery('.ult-carousel-83564283069f3a23746090').slick == \"function\"){\r\n\t\t\t\t\t\t$('.ult-carousel-83564283069f3a23746090').slick({dots: false,autoplaySpeed: 5000,speed: 300,infinite: true,arrows: true,nextArrow: '<button type=\"button\" role=\"button\" aria-label=\"Next\" style=\"color:__USE_THEME_MAIN_COLOR__; font-size:20px;\" class=\"slick-next default\"><i class=\"ultsl-arrow-right4\"><\/i><\/button>',prevArrow: '<button type=\"button\" role=\"button\" aria-label=\"Previous\" style=\"color:__USE_THEME_MAIN_COLOR__; font-size:20px;\" class=\"slick-prev default\"><i class=\"ultsl-arrow-left4\"><\/i><\/button>',slidesToScroll:1,slidesToShow:3,swipe: true,draggable: true,touchMove: true,pauseOnHover: true,pauseOnFocus: false,responsive: [\r\n\t\t\t\t\t\t\t{\r\n\t\t\t\t\t\t\t  breakpoint: 1026,\r\n\t\t\t\t\t\t\t  settings: {\r\n\t\t\t\t\t\t\t\tslidesToShow: 3,\r\n\t\t\t\t\t\t\t\tslidesToScroll: 1,  \r\n\t\t\t\t\t\t\t  }\r\n\t\t\t\t\t\t\t},\r\n\t\t\t\t\t\t\t{\r\n\t\t\t\t\t\t\t  breakpoint: 1025,\r\n\t\t\t\t\t\t\t  settings: {\r\n\t\t\t\t\t\t\t\tslidesToShow: 2,\r\n\t\t\t\t\t\t\t\tslidesToScroll: 1\r\n\t\t\t\t\t\t\t  }\r\n\t\t\t\t\t\t\t},\r\n\t\t\t\t\t\t\t{\r\n\t\t\t\t\t\t\t  breakpoint: 760,\r\n\t\t\t\t\t\t\t  settings: {\r\n\t\t\t\t\t\t\t\tslidesToShow: 1,\r\n\t\t\t\t\t\t\t\tslidesToScroll: 1\r\n\t\t\t\t\t\t\t  }\r\n\t\t\t\t\t\t\t}\r\n\t\t\t\t\t\t],pauseOnDotsHover: true,customPaging: function(slider, i) {\r\n                   return '<i type=\"button\" style= \"color:#333333;\" class=\"ultsl-record\" data-role=\"none\"><\/i>';\r\n                },});\r\n\t\t\t\t\t}\r\n\t\t\t\t});\r\n\t\t\t<\/script>\r\n\t\t\t<\/div><\/div><\/div><\/div><!-- Row Backgrounds --><div class=\"upb_bg_img\" data-ultimate-bg=\"url(https:\/\/pano-graph.com\/wp-content\/uploads\/2022\/10\/pexels-ivan-samkov-8117908.jpg)\" data-image-id=\"id^713|url^https:\/\/pano-graph.com\/wp-content\/uploads\/2022\/10\/pexels-ivan-samkov-8117908.jpg|caption^null|alt^null|title^pexels-ivan-samkov-8117908|description^null\" data-ultimate-bg-style=\"vcpb-vz-jquery\" data-bg-img-repeat=\"no-repeat\" data-bg-img-size=\"cover\" data-bg-img-position=\"\" data-parallx_sense=\"30\" data-bg-override=\"ex-full\" data-bg_img_attach=\"scroll\" data-upb-overlay-color=\"rgba(0,0,0,0.85)\" data-upb-bg-animation=\"\" data-fadeout=\"\" data-bg-animation=\"left-animation\" data-bg-animation-type=\"h\" data-animation-repeat=\"repeat\" data-fadeout-percentage=\"30\" data-parallax-content=\"\" data-parallax-content-sense=\"30\" data-row-effect-mobile-disable=\"true\" data-img-parallax-mobile-disable=\"true\" data-rtl=\"false\"  data-custom-vc-row=\"\"  data-vc=\"6.9.0\"  data-is_old_vc=\"\"  data-theme-support=\"\"   data-overlay=\"true\" data-overlay-color=\"rgba(0,0,0,0.85)\" data-overlay-pattern=\"\" data-overlay-pattern-opacity=\"0.8\" data-overlay-pattern-size=\"\" data-overlay-pattern-attachment=\"scroll\"    ><\/div>","protected":false},"excerpt":{"rendered":"NOUS SOMMES UNE \u00c9QUIPE DE TECHNICIENS ENTHOUSIASTES!NOS SERVICES Chez Panograph, nous sommes fiers de proposer les derni\u00e8res tendances en mati\u00e8re de signal\u00e9tique publicitaire pour vous aider \u00e0 vous d\u00e9marquer de vos concurrents. Notre site web offre une grande s\u00e9lection de produits, y compris des banderoles publicitaires, des enseignes lumineuses, des panneaux publicitaires, des stands, des [...]","protected":false},"author":1,"featured_media":0,"parent":0,"menu_order":0,"comment_status":"closed","ping_status":"closed","template":"one-page-template.php","meta":{"footnotes":""},"class_list":["post-631","page","type-page","status-publish","hentry"],"_links":{"self":[{"href":"https:\/\/pano-graph.com\/en_en\/wp-json\/wp\/v2\/pages\/631","targetHints":{"allow":["GET"]}}],"collection":[{"href":"https:\/\/pano-graph.com\/en_en\/wp-json\/wp\/v2\/pages"}],"about":[{"href":"https:\/\/pano-graph.com\/en_en\/wp-json\/wp\/v2\/types\/page"}],"author":[{"embeddable":true,"href":"https:\/\/pano-graph.com\/en_en\/wp-json\/wp\/v2\/users\/1"}],"replies":[{"embeddable":true,"href":"https:\/\/pano-graph.com\/en_en\/wp-json\/wp\/v2\/comments?post=631"}],"version-history":[{"count":16,"href":"https:\/\/pano-graph.com\/en_en\/wp-json\/wp\/v2\/pages\/631\/revisions"}],"predecessor-version":[{"id":824,"href":"https:\/\/pano-graph.com\/en_en\/wp-json\/wp\/v2\/pages\/631\/revisions\/824"}],"wp:attachment":[{"href":"https:\/\/pano-graph.com\/en_en\/wp-json\/wp\/v2\/media?parent=631"}],"curies":[{"name":"wp","href":"https:\/\/api.w.org\/{rel}","templated":true}]}}