{"id":629,"date":"2021-08-07T10:48:46","date_gmt":"2021-08-07T10:48:46","guid":{"rendered":"https:\/\/preview.treethemes.com\/quercus\/demo1\/?page_id=629"},"modified":"2023-02-02T17:24:35","modified_gmt":"2023-02-02T17:24:35","slug":"about","status":"publish","type":"page","link":"https:\/\/pano-graph.com\/en_en\/about\/","title":{"rendered":"About"},"content":{"rendered":"<div id=\"about\" class=\"vc_row wpb_row vc_row-fluid vc_custom_1499011169940\"><div class=\"wpb_column vc_column_container vc_col-sm-12\"><div class=\"vc_column-inner\"><div class=\"wpb_wrapper\"><h6 style=\"color: #c1c1c1;text-align: center\" class=\"vc_custom_heading\" >ABOUT US<\/h6><h2 style=\"font-size: 40px;text-align: center\" class=\"vc_custom_heading\" >PANOGRAPH<\/h2><div class=\"vc_empty_space\"   style=\"height: 20px\"><span class=\"vc_empty_space_inner\"><\/span><\/div><div id=\"ultimate-heading-697469f29bbe692db\" class=\"uvc-heading ult-adjust-bottom-margin ultimate-heading-697469f29bbe692db uvc-1213\" data-hspacer=\"line_only\"  data-halign=\"center\" style=\"text-align:center\"><div class=\"uvc-heading-spacer line_only\" style=\"margin-bottom:40px;height:2px;\"><span class=\"uvc-headings-line\" style=\"border-style:solid;border-bottom-width:2px;border-color:#212121;width:80px;\"><\/span><\/div><\/div><div class=\"vc_empty_space\"   style=\"height: 20px\"><span class=\"vc_empty_space_inner\"><\/span><\/div><div class=\"vc_row wpb_row vc_inner vc_row-fluid\"><div class=\"wpb_column vc_column_container vc_col-sm-2\"><div class=\"vc_column-inner\"><div class=\"wpb_wrapper\"><\/div><\/div><\/div><div class=\"wpb_column vc_column_container vc_col-sm-8\"><div class=\"vc_column-inner\"><div class=\"wpb_wrapper\">\n\t<div class=\"wpb_text_column wpb_content_element\" >\n\t\t<div class=\"wpb_wrapper\">\n\t\t\t<p>Panograph is a prominent player in the signage industry in Morocco, offering a variety of advertising panel solutions for businesses. We are proud to offer a comprehensive range of products to meet all signage needs.<\/p>\n<p>Our range includes standard products such as indoor and outdoor lighted display panels, but we go even further by also offering customized products such as advertising banners, exhibition stands, vehicle wraps, and flags. We are proud to provide custom solutions to meet the unique needs of each business.<\/p>\n<p>Our commitment to quality and customer satisfaction is reflected in everything we do, and we strive to provide the highest quality products that will add significant value to your business. We are convinced that our products can help to give a professional and attractive image for your business. Join the many businesses that have chosen Panograph for their signage and let us help you reach a wider audience with your message!<\/p>\n\n\t\t<\/div>\n\t<\/div>\n<\/div><\/div><\/div><div class=\"wpb_column vc_column_container vc_col-sm-2\"><div class=\"vc_column-inner\"><div class=\"wpb_wrapper\"><\/div><\/div><\/div><\/div><div class=\"vc_empty_space\"   style=\"height: 40px\"><span class=\"vc_empty_space_inner\"><\/span><\/div><\/div><\/div><\/div><\/div><div class=\"vc_row wpb_row vc_row-fluid vc_custom_1666718455543\"><div class=\"wpb_column vc_column_container vc_col-sm-6\"><div class=\"vc_column-inner\"><div class=\"wpb_wrapper\"><h6 style=\"color: #ffffff;text-align: left\" class=\"vc_custom_heading\" >Process de fabrication<\/h6>\n\t<div class=\"wpb_text_column wpb_content_element\" >\n\t\t<div class=\"wpb_wrapper\">\n\t\t\t<p style=\"color: #cccccc;\">At Panograph, we are proud to design and manufacture high-quality advertising signage products in our own workshops. With extensive experience in the design of advertising products, we are able to meet the needs of our customers. Every year, we are approached for advertising panels such as Toteme, x-banner, among others.<\/p>\n<p style=\"color: #cccccc;\">To ensure fast and efficient delivery, we import these advertising supports directly to Marrakech. This means that even if you are located in Casablanca, Agadir, or F\u00e8s, you can receive your advertising stand on time.<\/p>\n<p style=\"color: #cccccc;\">When you choose Panograph, you can rest assured that you will receive top-notch public signage products, delivered quickly and efficiently. Our aim is always to exceed our clients' expectations and help them achieve their communication goals.<\/p>\n\n\t\t<\/div>\n\t<\/div>\n<div class=\"ult-spacer spacer-69f29bbe69baa\" data-id=\"69f29bbe69baa\" data-height=\"0\" data-height-mobile=\"40\" data-height-tab=\"\" data-height-tab-portrait=\"\" data-height-mobile-landscape=\"40\" style=\"clear:both;display:block;\"><\/div><\/div><\/div><\/div><div class=\"wpb_column vc_column_container vc_col-sm-6\"><div class=\"vc_column-inner\"><div class=\"wpb_wrapper\"><h6 style=\"color: #ffffff;text-align: left\" class=\"vc_custom_heading\" >OUR SKILLS<\/h6><div class=\"vc_empty_space\"   style=\"height: 25px\"><span class=\"vc_empty_space_inner\"><\/span><\/div><div class=\"vc_progress_bar wpb_content_element\" ><div id=\"vc_progress_bar-942577855\" class=\"vc_progress_bar-942577855 vc_general vc_single_bar notinview\"><small class=\"vc_label\" style=\"color:#ffffff;\">Development<\/small><div class=\"skillbar-bar\"><span class=\"vc_bar\" data-percentage-value=\"95\" data-value=\"95\" style=\"background-color:#ededed;\"><\/span><div class=\"pointerval\"><span class=\"pointer\"><\/span> <span  style=\"color:#ffffff;\" class=\"vc_label_units\" data-units=\"%\">95%<\/span><\/div><\/div><\/div><div id=\"vc_progress_bar-1917918460\" class=\"vc_progress_bar-1917918460 vc_general vc_single_bar notinview\"><small class=\"vc_label\" style=\"color:#ffffff;\">Design<\/small><div class=\"skillbar-bar\"><span class=\"vc_bar\" data-percentage-value=\"85\" data-value=\"85\" style=\"background-color:#ededed;\"><\/span><div class=\"pointerval\"><span class=\"pointer\"><\/span> <span  style=\"color:#ffffff;\" class=\"vc_label_units\" data-units=\"%\">85%<\/span><\/div><\/div><\/div><div id=\"vc_progress_bar-1052350719\" class=\"vc_progress_bar-1052350719 vc_general vc_single_bar notinview\"><small class=\"vc_label\" style=\"color:#ffffff;\">Marketing<\/small><div class=\"skillbar-bar\"><span class=\"vc_bar\" data-percentage-value=\"70\" data-value=\"70\" style=\"background-color:#ededed;\"><\/span><div class=\"pointerval\"><span class=\"pointer\"><\/span> <span  style=\"color:#ffffff;\" class=\"vc_label_units\" data-units=\"%\">70%<\/span><\/div><\/div><\/div><div id=\"vc_progress_bar-334727542\" class=\"vc_progress_bar-334727542 vc_general vc_single_bar notinview\"><small class=\"vc_label\" style=\"color:#ffffff;\">Consulting<\/small><div class=\"skillbar-bar\"><span class=\"vc_bar\" data-percentage-value=\"65\" data-value=\"65\" style=\"background-color:#ededed;\"><\/span><div class=\"pointerval\"><span class=\"pointer\"><\/span> <span  style=\"color:#ffffff;\" class=\"vc_label_units\" data-units=\"%\">65%<\/span><\/div><\/div><\/div><\/div><div class=\"ult-spacer spacer-69f29bbe69e80\" data-id=\"69f29bbe69e80\" data-height=\"0\" data-height-mobile=\"40\" data-height-tab=\"\" data-height-tab-portrait=\"\" data-height-mobile-landscape=\"40\" style=\"clear:both;display:block;\"><\/div><\/div><\/div><\/div><\/div><!-- Row Backgrounds --><div class=\"upb_bg_img\" data-ultimate-bg=\"url(https:\/\/pano-graph.com\/wp-content\/uploads\/2022\/10\/pexels-pixabay-417458.jpg)\" data-image-id=\"id^715|url^https:\/\/pano-graph.com\/wp-content\/uploads\/2022\/10\/pexels-pixabay-417458.jpg|caption^null|alt^null|title^pexels-pixabay-417458|description^null\" data-ultimate-bg-style=\"vcpb-vz-jquery\" data-bg-img-repeat=\"repeat\" data-bg-img-size=\"cover\" data-bg-img-position=\"\" data-parallx_sense=\"30\" data-bg-override=\"ex-full\" data-bg_img_attach=\"scroll\" data-upb-overlay-color=\"rgba(0,0,0,0.85)\" data-upb-bg-animation=\"\" data-fadeout=\"\" data-bg-animation=\"left-animation\" data-bg-animation-type=\"h\" data-animation-repeat=\"repeat\" data-fadeout-percentage=\"30\" data-parallax-content=\"\" data-parallax-content-sense=\"30\" data-row-effect-mobile-disable=\"true\" data-img-parallax-mobile-disable=\"true\" data-rtl=\"false\"  data-custom-vc-row=\"\"  data-vc=\"6.9.0\"  data-is_old_vc=\"\"  data-theme-support=\"\"   data-overlay=\"true\" data-overlay-color=\"rgba(0,0,0,0.85)\" data-overlay-pattern=\"\" data-overlay-pattern-opacity=\"0.8\" data-overlay-pattern-size=\"\" data-overlay-pattern-attachment=\"scroll\"    ><\/div>","protected":false},"excerpt":{"rendered":"A PROPOS DEPANOGRAPH Panograph est une entreprise de renom dans le monde de la signal\u00e9tique au Maroc, offrant une vari\u00e9t\u00e9 de solutions de panneaux publicitaires pour les entreprises. Nous sommes fiers de proposer une gamme compl\u00e8te de produits pour r\u00e9pondre \u00e0 tous les besoins en mati\u00e8re de signal\u00e9tique. Notre gamme inclut des produits standard tels [...]","protected":false},"author":1,"featured_media":0,"parent":0,"menu_order":0,"comment_status":"closed","ping_status":"closed","template":"one-page-template.php","meta":{"footnotes":""},"class_list":["post-629","page","type-page","status-publish","hentry"],"_links":{"self":[{"href":"https:\/\/pano-graph.com\/en_en\/wp-json\/wp\/v2\/pages\/629","targetHints":{"allow":["GET"]}}],"collection":[{"href":"https:\/\/pano-graph.com\/en_en\/wp-json\/wp\/v2\/pages"}],"about":[{"href":"https:\/\/pano-graph.com\/en_en\/wp-json\/wp\/v2\/types\/page"}],"author":[{"embeddable":true,"href":"https:\/\/pano-graph.com\/en_en\/wp-json\/wp\/v2\/users\/1"}],"replies":[{"embeddable":true,"href":"https:\/\/pano-graph.com\/en_en\/wp-json\/wp\/v2\/comments?post=629"}],"version-history":[{"count":20,"href":"https:\/\/pano-graph.com\/en_en\/wp-json\/wp\/v2\/pages\/629\/revisions"}],"predecessor-version":[{"id":822,"href":"https:\/\/pano-graph.com\/en_en\/wp-json\/wp\/v2\/pages\/629\/revisions\/822"}],"wp:attachment":[{"href":"https:\/\/pano-graph.com\/en_en\/wp-json\/wp\/v2\/media?parent=629"}],"curies":[{"name":"wp","href":"https:\/\/api.w.org\/{rel}","templated":true}]}}